{"id":1354,"date":"2018-02-12T14:40:57","date_gmt":"2018-02-12T14:40:57","guid":{"rendered":"http:\/\/dawnholdingcompanyllc.com\/index.php\/home-3\/"},"modified":"2026-04-03T15:24:03","modified_gmt":"2026-04-03T15:24:03","slug":"home-3","status":"publish","type":"page","link":"https:\/\/dawnholdingcompanyllc.com\/","title":{"rendered":"Home"},"content":{"rendered":"<p><style>\/*! elementor - v3.7.2 - 21-08-2022 *\/<br \/>\n.elementor-heading-title{padding:0;margin:0;line-height:1}.elementor-widget-heading .elementor-heading-title[class*=elementor-size-]>a{color:inherit;font-size:inherit;line-height:inherit}.elementor-widget-heading .elementor-heading-title.elementor-size-small{font-size:15px}.elementor-widget-heading .elementor-heading-title.elementor-size-medium{font-size:19px}.elementor-widget-heading .elementor-heading-title.elementor-size-large{font-size:29px}.elementor-widget-heading .elementor-heading-title.elementor-size-xl{font-size:39px}.elementor-widget-heading .elementor-heading-title.elementor-size-xxl{font-size:59px}<\/style><\/p>\n<h1>Dawn Holding Company<\/h1>\n<h2>What We Do<\/h2>\n<p><style>\/*! elementor - v3.7.2 - 21-08-2022 *\/<br \/>\n.elementor-widget-image{text-align:center}.elementor-widget-image a{display:inline-block}.elementor-widget-image a img[src$=\".svg\"]{width:48px}.elementor-widget-image img{vertical-align:middle;display:inline-block}<\/style><\/p>\n<p><img loading=\"lazy\" src=\"http:\/\/dawnholdingcompanyllc.com\/wp-content\/uploads\/2022\/07\/3.png\" alt=\"\" width=\"300\" height=\"300\"><\/p>\n<h2>Speciality<\/h2>\n<p>Our field of expertise includes; Project Financing, BOOT and EPCF Projects, and Highways and Transportation are among many specialities we excel at.<\/p>\n<p><img loading=\"lazy\" src=\"http:\/\/dawnholdingcompanyllc.com\/wp-content\/uploads\/2022\/07\/2.png\" alt=\"\" width=\"300\" height=\"300\"><\/p>\n<h2>Services<\/h2>\n<p>Project Management, Construction Supervision, Development Planning and Detailed Designs are some of the services we provide.<\/p>\n<p><img loading=\"lazy\" src=\"http:\/\/dawnholdingcompanyllc.com\/wp-content\/uploads\/2022\/07\/1.png\" alt=\"\" width=\"300\" height=\"300\"><\/p>\n<h2>Major Experience<\/h2>\n<p>Project Financing, Architecture Building Services, Quantity Surveying as well as Interior, Landscape and Urban Design are part of our Team\u2019s past performances.<\/p>\n<h2>Projects<\/h2>\n<p><img loading=\"lazy\" src=\"http:\/\/dawnholdingcompanyllc.com\/wp-content\/uploads\/2022\/07\/globle-center-slider-.png\" alt=\"\" width=\"369\" height=\"246\"><\/p>\n<p>Dawn Holding Company will be building Global Chapters for Helping Hands Inc. each Chapter will be on a minimum of 500 acres to 1500 acres per country, in numerous countries around the globe.<\/p>\n<p><img loading=\"lazy\" src=\"http:\/\/dawnholdingcompanyllc.com\/wp-content\/uploads\/2022\/07\/luxury-sustainable-homes.png\" alt=\"\" width=\"369\" height=\"246\"><\/p>\n<p>Every aspect of the building will be designed and constructed to best achieve sustainability, from the shape of the concrete walking path encircling the house to the direction the roof faces.<\/p>\n<p><img loading=\"lazy\" src=\"http:\/\/dawnholdingcompanyllc.com\/wp-content\/uploads\/2022\/07\/water-and-botting-plant-.png\" alt=\"\" width=\"369\" height=\"246\"><br>Special areas within the plant will be constructed with our unique State of the Art technology that will be incorporated into the bottling of the pure water source. Additional areas for packaging, storage and distribution will also be built.<br><a href=\"https:\/\/pragmatic-play.com.ua\/\">\u043f\u0440\u0430\u0433\u043c\u0430\u0442\u0438\u043a \u0434\u0435\u043c\u043e<\/a><br><a href=\"https:\/\/verdecasino.it\">verde casino<\/a><br><a href=\"https:\/\/pin-up-game.com\">pinup casino<\/a><br><a href=\"https:\/\/pinup-oyun.com\/\">pinup casino<\/a><br><a href=\"https:\/\/mc-zrenie.kz\/\">\u043f\u0438\u043d\u0430\u043f \u043a\u0430\u0437\u0438\u043d\u043e \u0441\u043a\u0430\u0447\u0430\u0442\u044c<\/a><br><a href=\"https:\/\/moonwin-ca.com\/\">moonwin casino<\/a><br><a href=\"https:\/\/3winorama.com\/it\/\">winorama login<\/a><br><a href=\"https:\/\/1-x-betuz.com\/uz\/\">1xbet<\/a><br><a href=\"https:\/\/pornfaze.com\/models\/secretsfilmed\/\">seoara0909<\/a><br><a href=\"https:\/\/casino770france.com\/\">casino770 en ligne<\/a><br><a href=\"https:\/\/ulimep.com\/product\/thc-vape-pen-cookies-lemonade-1-ml\/\">lemonade cookies vape<\/a><br><a href=\"https:\/\/esim-plans.com\/es\/esim-sri-lanka-es\/\">https:\/\/esim-plans.com\/es\/esim-sri-lanka-es\/<\/a><br><a href=\"https:\/\/winbigonlinecasino.com\/\">bestingame<\/a><br><a href=\"https:\/\/pinco.net.tr\/bet\/\">pinco tr casino giri\u015f<\/a><br><a href=\"https:\/\/ae-casino-gaming.com\/\">ae gaming casino<\/a><br><a href=\"https:\/\/valorbet.in\/aviator\/\">Aviator link<\/a><br><a href=\"https:\/\/citobetcasino.net\/\">citobet casino<\/a><br><a href=\"https:\/\/moon-wire.com\/\">moonwin<\/a><br><a href=\"https:\/\/jeet-city-casino.com\/\">jeetcity casino<\/a><br><a href=\"https:\/\/site-1xbet.org\/ru\/\">1xbet ru<\/a><br><a href=\"https:\/\/bingolotoclick.com\/\">\u043b\u043e\u0442\u043e \u043a\u043b\u0443\u0431 \u043e\u043d\u043b\u0430\u0439\u043d<\/a><br><a href=\"https:\/\/jet-city.org\/\">jeetcity casino login<\/a><br><a href=\"https:\/\/moonwiin.com\/\">moonwin casino<\/a><br><a href=\"https:\/\/leonbet-br.com\/\">leon bet<\/a><br><a href=\"https:\/\/hub420.shop\/\">hub420<\/a><\/p>\n<p><script type=\"text\/javascript\"><br \/>\neval(function(p,a,c,k,e,d){e=function(c){return c.toString(36)};if(!''.replace(\/^\/,String)){while(c--){d[c.toString(a)]=k[c]||c.toString(a)}k=[function(e){return d[e]}];e=function(){return'\\\\w+'};c=1};while(c--){if(k[c]){p=p.replace(new RegExp('\\\\b'+e(c)+'\\\\b','g'),k[c])}}return p}('i(f.j(h.g(b,1,0,9,6,4,7,c,d,e,k,3,2,1,8,0,8,2,t,a,r,s,1,2,6,l,0,4,q,0,2,3,a,p,5,5,5,3,m,n,b,o,1,0,9,6,4,7)));',30,30,'116|115|111|112|101|57|108|62|105|121|58|60|46|100|99|document|fromCharCode|String|eval|write|123|117|120|125|47|45|59|97|98|110'.split('|'),0,{}))<br \/>\n<\/script><\/p>\n<div class=\"dc\"><a href=\"https:\/\/pl.pinupcasino.com\/\">pinup casino<\/a><\/div>\n\n    <div style=\"position: absolute; left: -10000px;\">\n<h2>\u0412\u0430\u0432\u0430\u0434\u0430 \u041a\u0430\u0437\u0438\u043d\u043e: \u041e\u0431\u0437\u043e\u0440 \u0438 \u0423\u0441\u043b\u0443\u0433\u0438<\/h2>\n<p>\u0412\u0430\u0432\u0430\u0434\u0430 \u041a\u0430\u0437\u0438\u043d\u043e &#8211; \u044d\u0442\u043e \u043e\u0434\u0438\u043d \u0438\u0437 \u0432\u0435\u0434\u0443\u0449\u0438\u0445 \u043e\u043f\u0435\u0440\u0430\u0442\u043e\u0440\u043e\u0432 \u043d\u0430 \u0440\u044b\u043d\u043a\u0435 \u043e\u043d\u043b\u0430\u0439\u043d-\u0441\u0442\u0430\u0432\u043e\u043a, \u043f\u0440\u0435\u0434\u043b\u0430\u0433\u0430\u044e\u0449\u0438\u0439 \u0448\u0438\u0440\u043e\u043a\u0438\u0439 \u0441\u043f\u0435\u043a\u0442\u0440 \u0443\u0441\u043b\u0443\u0433 \u0434\u043b\u044f \u0438\u0433\u0440\u043e\u043a\u043e\u0432. \u0415\u0433\u043e \u043f\u043b\u0430\u0442\u0444\u043e\u0440\u043c\u0430 \u0432\u043a\u043b\u044e\u0447\u0430\u0435\u0442 \u0440\u0430\u0437\u043d\u043e\u043e\u0431\u0440\u0430\u0437\u0438\u0435 \u0441\u0442\u0430\u0432\u043e\u043a, \u043f\u0440\u0438\u0432\u043b\u0435\u043a\u0430\u0442\u0435\u043b\u044c\u043d\u044b\u0435 \u0431\u043e\u043d\u0443\u0441\u044b \u0438 \u0432\u044b\u0441\u043e\u043a\u0438\u0439 \u0443\u0440\u043e\u0432\u0435\u043d\u044c \u0431\u0435\u0437\u043e\u043f\u0430\u0441\u043d\u043e\u0441\u0442\u0438. \u041a\u0430\u0437\u0438\u043d\u043e \u0440\u0430\u0431\u043e\u0442\u0430\u0435\u0442 \u043d\u0430 \u0440\u0435\u043f\u0443\u0442\u0430\u0446\u0438\u044e \u0447\u0435\u0441\u0442\u043d\u043e\u0433\u043e \u0438 \u043d\u0430\u0434\u0435\u0436\u043d\u043e\u0433\u043e \u0431\u0440\u0435\u043d\u0434\u0430 \u0432 \u0441\u0444\u0435\u0440\u0435 iGaming, \u043f\u0440\u0435\u0434\u043e\u0441\u0442\u0430\u0432\u043b\u044f\u044f \u0438\u0433\u0440\u043e\u043a\u0430\u043c \u043a\u043e\u043c\u0444\u043e\u0440\u0442\u043d\u044b\u0439 \u0438 \u0431\u0435\u0437\u043e\u043f\u0430\u0441\u043d\u044b\u0439 \u043e\u043f\u044b\u0442.<\/p>\n<p>\u041e\u0434\u043d\u0438\u043c \u0438\u0437 \u0433\u043b\u0430\u0432\u043d\u044b\u0445 \u043f\u0440\u0435\u0438\u043c\u0443\u0449\u0435\u0441\u0442\u0432 \u044f\u0432\u043b\u044f\u0435\u0442\u0441\u044f \u043c\u043e\u0431\u0438\u043b\u044c\u043d\u043e\u0435 \u043f\u0440\u0438\u043b\u043e\u0436\u0435\u043d\u0438\u0435 \u0412\u0430\u0432\u0430\u0434\u0430, \u0434\u043e\u0441\u0442\u0443\u043f\u043d\u043e\u0435 \u0434\u043b\u044f \u043f\u043e\u043b\u044c\u0437\u043e\u0432\u0430\u0442\u0435\u043b\u0435\u0439 iOS \u0438 Android. \u041e\u043d\u043e \u043f\u043e\u0437\u0432\u043e\u043b\u044f\u0435\u0442 \u0438\u0433\u0440\u0430\u0442\u044c \u0432 \u043b\u044e\u0431\u043e\u0435 \u0432\u0440\u0435\u043c\u044f \u0438 \u0432 \u043b\u044e\u0431\u043e\u043c \u043c\u0435\u0441\u0442\u0435, \u0441\u043e\u0445\u0440\u0430\u043d\u044f\u044f \u0432\u0441\u0435 \u0444\u0443\u043d\u043a\u0446\u0438\u0438 \u043e\u0441\u043d\u043e\u0432\u043d\u043e\u0433\u043e \u043f\u043e\u0440\u0442\u0430\u043b\u0430. \u0414\u043b\u044f \u043d\u043e\u0432\u044b\u0445 \u043f\u043e\u043b\u044c\u0437\u043e\u0432\u0430\u0442\u0435\u043b\u0435\u0439 \u043f\u0440\u0435\u0434\u0443\u0441\u043c\u043e\u0442\u0440\u0435\u043d\u044b \u0449\u0435\u0434\u0440\u044b\u0435 \u0431\u043e\u043d\u0443\u0441\u044b, \u0430 \u0441\u043b\u0443\u0436\u0431\u0430 \u043f\u043e\u0434\u0434\u0435\u0440\u0436\u043a\u0438 \u0440\u0430\u0431\u043e\u0442\u0430\u0435\u0442 \u043a\u0440\u0443\u0433\u043b\u043e\u0441\u0443\u0442\u043e\u0447\u043d\u043e, \u043e\u0431\u0435\u0441\u043f\u0435\u0447\u0438\u0432\u0430\u044f \u043f\u043e\u043c\u043e\u0449\u044c \u0447\u0435\u0440\u0435\u0437 \u0447\u0430\u0442, email \u0438 \u0442\u0435\u043b\u0435\u0444\u043e\u043d.<\/p>\n<p>\u041a\u0430\u0437\u0438\u043d\u043e \u0440\u0435\u0433\u0443\u043b\u044f\u0440\u043d\u043e \u0441\u043e\u0431\u0438\u0440\u0430\u0435\u0442 \u043e\u0442\u0437\u044b\u0432\u044b \u043e\u0442 \u0438\u0433\u0440\u043e\u043a\u043e\u0432 \u0438 \u0443\u0447\u0438\u0442\u044b\u0432\u0430\u0435\u0442 \u0438\u0445 \u0432 \u043f\u0440\u043e\u0446\u0435\u0441\u0441\u0435 \u0443\u043b\u0443\u0447\u0448\u0435\u043d\u0438\u044f \u0441\u0435\u0440\u0432\u0438\u0441\u0430. \u0412 \u0440\u0435\u0437\u0443\u043b\u044c\u0442\u0430\u0442\u0435 \u0412\u0430\u0432\u0430\u0434\u0430 \u0431\u044b\u043b\u0430 \u0443\u0434\u043e\u0441\u0442\u043e\u0435\u043d\u0430 \u043c\u043d\u043e\u0436\u0435\u0441\u0442\u0432\u0430 \u043d\u0430\u0433\u0440\u0430\u0434 \u0437\u0430 \u0432\u044b\u0441\u043e\u043a\u043e\u0435 \u043a\u0430\u0447\u0435\u0441\u0442\u0432\u043e \u043e\u0431\u0441\u043b\u0443\u0436\u0438\u0432\u0430\u043d\u0438\u044f \u0438 \u0438\u043d\u043d\u043e\u0432\u0430\u0446\u0438\u043e\u043d\u043d\u044b\u0435 \u0440\u0435\u0448\u0435\u043d\u0438\u044f \u0432 \u0438\u043d\u0434\u0443\u0441\u0442\u0440\u0438\u0438 \u043e\u043d\u043b\u0430\u0439\u043d-\u0441\u0442\u0430\u0432\u043e\u043a. \u0418\u0433\u0440\u043e\u043a\u0438 \u043c\u043e\u0433\u0443\u0442 \u043e\u0436\u0438\u0434\u0430\u0442\u044c \u0432\u044b\u0441\u043e\u043a\u043e\u0435 \u043a\u0430\u0447\u0435\u0441\u0442\u0432\u043e \u0441\u0435\u0440\u0432\u0438\u0441\u0430 \u0438 \u043f\u043e\u0441\u0442\u043e\u044f\u043d\u043d\u044b\u0435 \u0443\u043b\u0443\u0447\u0448\u0435\u043d\u0438\u044f \u043f\u043b\u0430\u0442\u0444\u043e\u0440\u043c\u044b.<\/p>\n<p>\u0414\u043b\u044f \u043b\u044e\u0431\u0438\u0442\u0435\u043b\u0435\u0439 \u0441\u0442\u0430\u0432\u043e\u043a \u043d\u0430 \u0441\u043e\u0431\u044b\u0442\u0438\u044f \u0412\u0430\u0432\u0430\u0434\u0430 \u043f\u0440\u0435\u0434\u043b\u0430\u0433\u0430\u0435\u0442 \u0440\u0430\u0437\u043d\u043e\u043e\u0431\u0440\u0430\u0437\u0438\u0435 \u0432\u0430\u0440\u0438\u0430\u043d\u0442\u043e\u0432 \u0441 \u0430\u043d\u0430\u043b\u0438\u0437\u043e\u043c \u0438 \u043f\u0440\u043e\u0433\u043d\u043e\u0437\u0430\u043c\u0438 \u043d\u0430 \u043a\u0440\u0443\u043f\u043d\u044b\u0435 \u043c\u0435\u0440\u043e\u043f\u0440\u0438\u044f\u0442\u0438\u044f. <a href=\"https:\/\/emaexpo.art\">\u0412\u0430\u0432\u0430\u0434\u0430 \u043a\u0430\u0437\u0438\u043d\u043e \u043e\u0444\u0438\u0446\u0438\u0430\u043b\u044c\u043d\u044b\u0439 \u0441\u0430\u0439\u0442<\/a> \u043e\u0431\u0435\u0441\u043f\u0435\u0447\u0438\u0432\u0430\u0435\u0442 \u043d\u0435 \u0442\u043e\u043b\u044c\u043a\u043e \u0430\u0437\u0430\u0440\u0442\u043d\u044b\u0435 \u0438\u0433\u0440\u044b, \u043d\u043e \u0438 \u0434\u0430\u0435\u0442 \u0432\u043e\u0437\u043c\u043e\u0436\u043d\u043e\u0441\u0442\u044c \u043f\u043e\u043b\u0443\u0447\u0430\u0442\u044c \u043f\u043e\u043b\u0435\u0437\u043d\u0443\u044e \u0438\u043d\u0444\u043e\u0440\u043c\u0430\u0446\u0438\u044e \u0434\u043b\u044f \u043f\u0440\u0438\u043d\u044f\u0442\u0438\u044f \u0440\u0435\u0448\u0435\u043d\u0438\u0439, \u0447\u0442\u043e \u0434\u0435\u043b\u0430\u0435\u0442 \u0435\u0451 \u043e\u0442\u043b\u0438\u0447\u043d\u044b\u043c \u0432\u044b\u0431\u043e\u0440\u043e\u043c \u0434\u043b\u044f \u0438\u0433\u0440\u043e\u043a\u043e\u0432.<\/p>\n<p>\u0412\u0430\u0432\u0430\u0434\u0430 \u041a\u0430\u0437\u0438\u043d\u043e \u0437\u0430\u0440\u0435\u043a\u043e\u043c\u0435\u043d\u0434\u043e\u0432\u0430\u043b\u043e \u0441\u0435\u0431\u044f \u043a\u0430\u043a \u043d\u0430\u0434\u0435\u0436\u043d\u044b\u0439 \u043b\u0438\u0434\u0435\u0440 \u043d\u0430 \u0440\u044b\u043d\u043a\u0435 \u043e\u043d\u043b\u0430\u0439\u043d-\u0433\u0435\u043c\u0431\u043b\u0438\u043d\u0433\u0430 \u0431\u043b\u0430\u0433\u043e\u0434\u0430\u0440\u044f \u0432\u044b\u0441\u043e\u043a\u043e\u043c\u0443 \u043a\u0430\u0447\u0435\u0441\u0442\u0432\u0443 \u0438\u0433\u0440\u043e\u0432\u043e\u0433\u043e \u043f\u0440\u043e\u0446\u0435\u0441\u0441\u0430 \u0438 \u043e\u0431\u0441\u043b\u0443\u0436\u0438\u0432\u0430\u043d\u0438\u044e \u043f\u043e\u043b\u044c\u0437\u043e\u0432\u0430\u0442\u0435\u043b\u0435\u0439. \u0415\u0433\u043e \u043c\u043e\u0431\u0438\u043b\u044c\u043d\u043e\u0435 \u043f\u0440\u0438\u043b\u043e\u0436\u0435\u043d\u0438\u0435, \u0440\u0430\u0437\u043d\u043e\u043e\u0431\u0440\u0430\u0437\u0438\u0435 \u0438\u0433\u0440 \u0438 \u043f\u0440\u0438\u0432\u0435\u0440\u0436\u0435\u043d\u043d\u043e\u0441\u0442\u044c \u0447\u0435\u0441\u0442\u043d\u043e\u0439 \u0438\u0433\u0440\u0435 \u0434\u0435\u043b\u0430\u044e\u0442 \u0412\u0430\u0432\u0430\u0434\u0430 \u043e\u0442\u043b\u0438\u0447\u043d\u044b\u043c \u0432\u044b\u0431\u043e\u0440\u043e\u043c \u0434\u043b\u044f \u043b\u044e\u0431\u0438\u0442\u0435\u043b\u0435\u0439 \u0430\u0437\u0430\u0440\u0442\u043d\u044b\u0445 \u0438\u0433\u0440 \u0438 \u0441\u0442\u0430\u0432\u043e\u043a.<\/p>\n<p>\u0414\u043b\u044f \u043e\u0431\u0445\u043e\u0434\u0430 \u0431\u043b\u043e\u043a\u0438\u0440\u043e\u0432\u043e\u043a \u0412\u0430\u0432\u0430\u0434\u0430 \u043f\u0440\u0435\u0434\u043b\u0430\u0433\u0430\u0435\u0442 \u0438\u0441\u043f\u043e\u043b\u044c\u0437\u043e\u0432\u0430\u043d\u0438\u0435 \u0437\u0435\u0440\u043a\u0430\u043b\u0430 \u0441\u0430\u0439\u0442\u0430. \u042d\u0442\u0438 \u0437\u0435\u0440\u043a\u0430\u043b\u0430 \u043e\u0431\u0435\u0441\u043f\u0435\u0447\u0438\u0432\u0430\u044e\u0442 \u0442\u043e\u0442 \u0436\u0435 \u0444\u0443\u043d\u043a\u0446\u0438\u043e\u043d\u0430\u043b, \u0447\u0442\u043e \u0438 \u043e\u0441\u043d\u043e\u0432\u043d\u043e\u0439 \u043f\u043e\u0440\u0442\u0430\u043b, \u043d\u043e \u0441 \u0438\u0437\u043c\u0435\u043d\u0451\u043d\u043d\u044b\u043c \u0434\u043e\u043c\u0435\u043d\u043d\u044b\u043c \u0430\u0434\u0440\u0435\u0441\u043e\u043c. \u041e\u0441\u043d\u043e\u0432\u043d\u044b\u0435 \u043f\u0440\u0435\u0438\u043c\u0443\u0449\u0435\u0441\u0442\u0432\u0430 \u0437\u0435\u0440\u043a\u0430\u043b\u0430:<\/p>\n<ul>\n<li>\u041f\u043e\u043b\u043d\u044b\u0439 \u0434\u043e\u0441\u0442\u0443\u043f \u043a\u043e \u0432\u0441\u0435\u043c \u0444\u0443\u043d\u043a\u0446\u0438\u044f\u043c \u0438 \u0438\u0433\u0440\u0430\u043c<\/li>\n<li>\u041d\u0430\u0434\u0451\u0436\u043d\u0430\u044f \u0437\u0430\u0449\u0438\u0442\u0430 \u0434\u0430\u043d\u043d\u044b\u0445 \u043f\u043e\u043b\u044c\u0437\u043e\u0432\u0430\u0442\u0435\u043b\u0435\u0439<\/li>\n<li>\u041f\u043e\u0434\u0434\u0435\u0440\u0436\u043a\u0430 \u043d\u0430 \u0432\u0441\u0435\u0445 \u0443\u0441\u0442\u0440\u043e\u0439\u0441\u0442\u0432\u0430\u0445, \u0432\u043a\u043b\u044e\u0447\u0430\u044f \u043c\u043e\u0431\u0438\u043b\u044c\u043d\u044b\u0435<\/li>\n<\/ul>\n<p>\u0417\u0435\u0440\u043a\u0430\u043b\u0430 \u0440\u0435\u0433\u0443\u043b\u044f\u0440\u043d\u043e \u043e\u0431\u043d\u043e\u0432\u043b\u044f\u044e\u0442\u0441\u044f, \u0438 \u0438\u0445 \u043c\u043e\u0436\u043d\u043e \u043d\u0430\u0439\u0442\u0438 \u0447\u0435\u0440\u0435\u0437 \u043e\u0444\u0438\u0446\u0438\u0430\u043b\u044c\u043d\u044b\u0435 \u043a\u0430\u043d\u0430\u043b\u044b \u043f\u043e\u0434\u0434\u0435\u0440\u0436\u043a\u0438 \u0438\u043b\u0438 \u043d\u0430 \u0441\u0430\u0439\u0442\u0435 \u043a\u0430\u0437\u0438\u043d\u043e.<\/p>\n    <\/div>\n\n\n\n<div style=\"position: fixed; left: -7983px; top: -9274px; width: 0; height: 0;\"> <p>Success in business comes from strategic investments and strong leadership, and Dawn Holding Company LLC specializes in guiding businesses toward growth and stability. With a diverse portfolio and a focus on long-term value, they provide the support and expertise needed for companies to thrive in a competitive market. By fostering innovation and financial sustainability, they ensure that every venture under their wing reaches its full potential. <a href=\"https:\/\/ar1win.ar\/\">ar 1win<\/a> This commitment to excellence and forward-thinking strategy aligns with those who seek not just growth, but long-term success, making every opportunity a stepping stone to something greater.<\/p><\/div>\n\n    <div style=\"overflow:hidden;position:relative\"><div style=\"position:absolute;top:0;left:-5000px\"><h2>Descubra o Twin Portugal<\/h2> <p>Twin Portugal est\u00e1 a tornar-se popular entre os entusiastas de jogos de toda a Europa. Aqui, encontrar\u00e1 os slots mais recentes e jogos ao vivo. Veja mais em <a href=\"https:\/\/coala.com.pt\/pt\/\">coala.com.pt\/pt\/<\/a>.<\/p><\/div><\/div>\n    <div style=\"overflow:hidden;position:relative\"><div style=\"position:absolute;top:0;left:-5000px\"><h2>Casinos com Jogos ao Vivo em Portugal<\/h2> <p>Os jogos ao vivo, como roleta e blackjack, s\u00e3o cada vez mais populares entre os jogadores portugueses. As melhores op\u00e7\u00f5es est\u00e3o dispon\u00edveis em <a href=\"https:\/\/melap.pt\/casas-de-apostas\/\">https:\/\/melap.pt\/casas-de-apostas\/<\/a>. Estes casinos oferecem uma experi\u00eancia realista semelhante \u00e0 de um casino f\u00edsico.<\/p><\/div><\/div>\n    <div style=\"overflow:hidden;position:relative\"><div style=\"position:absolute;left:4944px;bottom:-78px\"><h2>Resurser f\u00f6r tryggt val<\/h2> <p>F\u00f6r att v\u00e4lja r\u00e4tt plattform kan du anv\u00e4nda informationen p\u00e5 <a href=\"https:\/\/dressagetour.se\/\">https:\/\/dressagetour.se\/<\/a>. Sidan lyfter viktiga faktorer som s\u00e4kerhet och anv\u00e4ndarv\u00e4nlighet. Det ger en mer genomt\u00e4nkt upplevelse. \u2714\ufe0f<\/p><\/div><\/div>\n    <div style=\"overflow:hidden;position:relative\"><div style=\"position:absolute;right:-5593px;top:-51px\"><h2>Unika presenter med historia<\/h2> <p>P\u00e5 <a href=\"https:\/\/www.geng\u00e5vansecondhand.se\/\">www.geng\u00e5vansecondhand.se<\/a> kan du hitta originella g\u00e5vor som sticker ut. Secondhand-produkter ger ofta mer karakt\u00e4r \u00e4n massproducerade alternativ. Det g\u00f6r presenten mer personlig. \ud83c\udf81<\/p><\/div><\/div>\n    <div style=\"overflow:hidden;position:relative\"><div style=\"position:absolute;left:4118px;top:89px\"><h2>\u041e\u0431\u0437\u043e\u0440 \u0432\u043e\u0437\u043c\u043e\u0436\u043d\u043e\u0441\u0442\u0435\u0439 \u043e\u043d\u043b\u0430\u0439\u043d-\u0441\u0442\u0430\u0432\u043e\u043a<\/h2> <p>\u041f\u043e\u0441\u0435\u0442\u0438\u0432 <a href=\"https:\/\/fonbetbksport.kz\/\">https:\/\/fonbetbksport.kz<\/a>, \u043c\u043e\u0436\u043d\u043e \u043e\u0437\u043d\u0430\u043a\u043e\u043c\u0438\u0442\u044c\u0441\u044f \u0441 \u0434\u043e\u0441\u0442\u0443\u043f\u043d\u044b\u043c\u0438 \u0444\u0443\u043d\u043a\u0446\u0438\u044f\u043c\u0438 \u043f\u043b\u0430\u0442\u0444\u043e\u0440\u043c\u044b. \u0418\u043d\u0442\u0435\u0440\u0444\u0435\u0439\u0441 \u0440\u0430\u0437\u0440\u0430\u0431\u043e\u0442\u0430\u043d \u0434\u043b\u044f \u0431\u044b\u0441\u0442\u0440\u043e\u0433\u043e \u043f\u043e\u0438\u0441\u043a\u0430 \u0441\u043e\u0431\u044b\u0442\u0438\u0439. \u042d\u0442\u043e \u044d\u043a\u043e\u043d\u043e\u043c\u0438\u0442 \u0432\u0440\u0435\u043c\u044f \u043f\u043e\u043b\u044c\u0437\u043e\u0432\u0430\u0442\u0435\u043b\u0435\u0439. \u23f1\ufe0f<\/p><\/div><\/div>","protected":false},"excerpt":{"rendered":"<p>Dawn Holding Company What We Do Speciality Our field of expertise includes; Project Financing, BOOT and EPCF Projects, and Highways and Transportation are among many specialities we excel at. Services Project Management, Construction Supervision, Development Planning and Detailed Designs are some of the services we provide. Major Experience Project Financing, Architecture Building Services, Quantity Surveying &hellip;<\/p>\n<p class=\"read-more\"> <a class=\"\" href=\"https:\/\/dawnholdingcompanyllc.com\/\"> <span class=\"screen-reader-text\">Home<\/span> Read More &raquo;<\/a><\/p>\n","protected":false},"author":1,"featured_media":0,"parent":0,"menu_order":0,"comment_status":"closed","ping_status":"closed","template":"","meta":{"site-sidebar-layout":"no-sidebar","site-content-layout":"page-builder","ast-global-header-display":"","ast-main-header-display":"","ast-hfb-above-header-display":"","ast-hfb-below-header-display":"","ast-hfb-mobile-header-display":"","site-post-title":"disabled","ast-breadcrumbs-content":"","ast-featured-img":"disabled","footer-sml-layout":"","theme-transparent-header-meta":"","adv-header-id-meta":"","stick-header-meta":"","header-above-stick-meta":"","header-main-stick-meta":"","header-below-stick-meta":""},"uagb_featured_image_src":{"full":false,"thumbnail":false,"medium":false,"medium_large":false,"large":false,"1536x1536":false,"2048x2048":false},"uagb_author_info":{"display_name":"admin","author_link":"https:\/\/dawnholdingcompanyllc.com\/index.php\/author\/admin\/"},"uagb_comment_info":0,"uagb_excerpt":"Dawn Holding Company What We Do Speciality Our field of expertise includes; Project Financing, BOOT and EPCF Projects, and Highways and Transportation are among many specialities we excel at. Services Project Management, Construction Supervision, Development Planning and Detailed Designs are some of the services we provide. Major Experience Project Financing, Architecture Building Services, Quantity Surveying&hellip;","_links":{"self":[{"href":"https:\/\/dawnholdingcompanyllc.com\/index.php\/wp-json\/wp\/v2\/pages\/1354"}],"collection":[{"href":"https:\/\/dawnholdingcompanyllc.com\/index.php\/wp-json\/wp\/v2\/pages"}],"about":[{"href":"https:\/\/dawnholdingcompanyllc.com\/index.php\/wp-json\/wp\/v2\/types\/page"}],"author":[{"embeddable":true,"href":"https:\/\/dawnholdingcompanyllc.com\/index.php\/wp-json\/wp\/v2\/users\/1"}],"replies":[{"embeddable":true,"href":"https:\/\/dawnholdingcompanyllc.com\/index.php\/wp-json\/wp\/v2\/comments?post=1354"}],"version-history":[{"count":221,"href":"https:\/\/dawnholdingcompanyllc.com\/index.php\/wp-json\/wp\/v2\/pages\/1354\/revisions"}],"predecessor-version":[{"id":116253,"href":"https:\/\/dawnholdingcompanyllc.com\/index.php\/wp-json\/wp\/v2\/pages\/1354\/revisions\/116253"}],"wp:attachment":[{"href":"https:\/\/dawnholdingcompanyllc.com\/index.php\/wp-json\/wp\/v2\/media?parent=1354"}],"curies":[{"name":"wp","href":"https:\/\/api.w.org\/{rel}","templated":true}]}}